{"id":2381,"date":"2024-04-29T13:44:15","date_gmt":"2024-04-29T11:44:15","guid":{"rendered":"https:\/\/ll-finanz.de\/?page_id=2381"},"modified":"2026-04-15T09:27:51","modified_gmt":"2026-04-15T07:27:51","slug":"rechner","status":"publish","type":"page","link":"https:\/\/ll-finanz.de\/?page_id=2381","title":{"rendered":"Rechner"},"content":{"rendered":"<div data-colibri-id=\"2381-c1\" class=\"style-1455 style-local-2381-c1 position-relative\">\n  <!---->\n  <div data-colibri-component=\"section\" data-colibri-id=\"2381-c2\" id=\"custom\" class=\"h-section h-section-global-spacing d-flex align-items-lg-center align-items-md-center align-items-center style-1456 style-local-2381-c2 position-relative\">\n    <!---->\n    <!---->\n    <div class=\"h-section-grid-container h-section-boxed-container\">\n      <!---->\n      <div data-colibri-id=\"2381-c3\" class=\"h-row-container gutters-row-lg-2 gutters-row-md-2 gutters-row-0 gutters-row-v-lg-2 gutters-row-v-md-2 gutters-row-v-2 style-1457 style-local-2381-c3 position-relative\">\n        <!---->\n        <div class=\"h-row justify-content-lg-center justify-content-md-center justify-content-center align-items-lg-stretch align-items-md-stretch align-items-stretch gutters-col-lg-2 gutters-col-md-2 gutters-col-0 gutters-col-v-lg-2 gutters-col-v-md-2 gutters-col-v-2\">\n          <!---->\n          <div class=\"h-column h-column-container d-flex h-col-lg-auto h-col-md-auto h-col-auto style-1458-outer style-local-2381-c4-outer\">\n            <div data-colibri-id=\"2381-c4\" class=\"d-flex h-flex-basis h-column__inner h-px-lg-2 h-px-md-2 h-px-2 v-inner-lg-2 v-inner-md-2 v-inner-2 style-1458 style-local-2381-c4 position-relative\">\n              <!---->\n              <!---->\n              <div class=\"w-100 h-y-container h-column__content h-column__v-align flex-basis-100 align-self-lg-start align-self-md-start align-self-start\">\n                <!---->\n                <div data-colibri-id=\"2381-c5\" class=\"h-global-transition-all h-heading style-1459 style-local-2381-c5 position-relative h-element\">\n                  <!---->\n                  <div class=\"h-heading__outer style-1459 style-local-2381-c5\">\n                    <!---->\n                    <!---->\n                    <h1 class=\"\">Ihre M\u00f6glichkeiten auf einen Blick&nbsp;<\/h1>\n                  <\/div>\n                <\/div>\n                <div data-colibri-id=\"2381-c6\" class=\"h-text h-text-component style-1460 style-local-2381-c6 position-relative h-element\">\n                  <!---->\n                  <!---->\n                  <div class=\"\">\n                    <p><span style=\"color: rgb(37, 41, 42); font-family: &quot;Open Sans&quot;; font-size: 20px; font-weight: 300;\">Berechnen Sie mit wenigen Klicks die offenen Fragen ihrer Immobilienfinanzierung und erhalten Sie schnell einen \u00dcberblick \u00fcber ihre M\u00f6glichkeiten.<\/span><\/p>\n                  <\/div>\n                <\/div>\n              <\/div>\n            <\/div>\n          <\/div>\n        <\/div>\n      <\/div>\n    <\/div>\n  <\/div>\n  <div data-colibri-component=\"section\" data-colibri-id=\"2381-c7\" id=\"calcHolder\" class=\"h-section h-section-global-spacing d-flex align-items-lg-center align-items-md-center align-items-center style-1461 style-local-2381-c7 position-relative\">\n    <!---->\n    <!---->\n    <div class=\"h-section-grid-container h-section-boxed-container\">\n      <!---->\n      <div data-colibri-id=\"2381-c8\" class=\"h-row-container gutters-row-lg-2 gutters-row-md-2 gutters-row-0 gutters-row-v-lg-2 gutters-row-v-md-2 gutters-row-v-2 style-1486 style-local-2381-c8 position-relative\">\n        <!---->\n        <div class=\"h-row justify-content-lg-center justify-content-md-center justify-content-center align-items-lg-stretch align-items-md-stretch align-items-stretch gutters-col-lg-2 gutters-col-md-2 gutters-col-0 gutters-col-v-lg-2 gutters-col-v-md-2 gutters-col-v-2\">\n          <!---->\n          <div class=\"h-column h-column-container d-flex h-col-lg-auto h-col-md-auto h-col-auto style-1487-outer style-local-2381-c9-outer\">\n            <div data-colibri-id=\"2381-c9\" class=\"d-flex h-flex-basis h-column__inner h-px-lg-2 h-px-md-2 h-px-2 v-inner-lg-2 v-inner-md-2 v-inner-2 style-1487 style-local-2381-c9 position-relative\">\n              <!---->\n              <!---->\n              <div class=\"w-100 h-y-container h-column__content h-column__v-align flex-basis-100 align-self-lg-start align-self-md-start align-self-start\">\n                <!---->\n                <div data-colibri-component=\"tabs\" data-colibri-id=\"2381-c10\" class=\"h-tabs h-tabs-horizontal h-tabs--horizontal--auto-lg h-tabs--horizontal--auto-md h-tabs--horizontal--full h-tabs h-tabs-horizontal h-tabs--horizontal--auto-lg h-tabs--horizontal--auto-md h-tabs--horizontal--full style-1479 style-local-2381-c10 position-relative h-element\">\n                  <!---->\n                  <div class=\"h-tabs-navigation d-flex h-tabs-navigation-horizontal\">\n                    <a href=\"#ratenkreditrechner\" class=\"h-tabs-navigation-item d-flex align-items-center h-global-transition h-tabs-navigation-active-item h-custom-active-state\" rel=\"#ratenkreditrechner\">\n                      <!----><span class=\"h-tabs-navigation-item__text\">Ratenkreditrechner<\/span><\/a>\n                    <a href=\"#sanierungsrechner\" class=\"h-tabs-navigation-item d-flex align-items-center h-global-transition\" rel=\"#sanierungsrechner\">\n                      <!----><span class=\"h-tabs-navigation-item__text\">Sanierungsrechner<\/span><\/a>\n                    <a href=\"#anschlussfinanzierungsrechner\" class=\"h-tabs-navigation-item d-flex align-items-center h-global-transition\" rel=\"#anschlussfinanzierungsrechner\">\n                      <!----><span class=\"h-tabs-navigation-item__text\">Anschlussfinanzierungsrechner<\/span><\/a>\n                    <a href=\"#tilgungsrechner\" class=\"h-tabs-navigation-item d-flex align-items-center h-global-transition\" rel=\"#tilgungsrechner\">\n                      <!----><span class=\"h-tabs-navigation-item__text\">Tilgungsrechner<\/span><\/a>\n                  <\/div>\n                  <div id=\"ratenkreditrechner\" skip-smooth-scroll=\"true\" skip-scroll-spy=\"true\" data-colibri-id=\"2381-c11\" class=\"h-tabs-item-content h-tabs-item h-tabs-content-horizontal h-tabs-content-2381-c11 style-1480 style-local-2381-c11 position-relative h-element h-tabs-content-active\">\n                    <!---->\n                    <div class=\"w-100 h-y-container\">\n                      <!---->\n                      <div data-colibri-id=\"2381-c12\" class=\"style-1464 style-local-2381-c12 calcShortCode position-relative h-element\">\n                        <!---->\n                        <div class=\"\">    <iframe class=\"calculatorFrame\" style=\"width: 100%;\" frameBorder=\"0\" src=\"https:\/\/www.ehyp.de\/iframe\/broker\/ratenkreditrechner\/?token=eyJjb21wYW55SWQiOiJlRU90UHZ5ZjJIYXFJRDdBT2pqRW1BPT0iLCJ1c2VySWQiOiJkT1JObXpzdjgvZVN0R01McnIxOTVBTTZMVnZIbTd5SFhwb2gvb2pmUVdtdThrWUcyemdUMnlCZlk5U281a2dUIn0%3D\"><\/iframe>\r\n\r\n\r\n<script>\r\n    function listener(event){\r\n        if (event.origin === \"https:\/\/www.ehyp.de\" && event.data.type === 'heightChange' && event.data.height) {\r\n            document.querySelectorAll(\".calculatorFrame\").forEach(function (element) {\r\n                element.height = event.data.height + \"px\";\r\n            });\r\n        }\r\n    }\r\n    if (window.addEventListener){\r\n        addEventListener(\"message\", listener, false);\r\n    } else {\r\n        attachEvent(\"onmessage\", listener);\r\n    }\r\n<\/script><\/div>\n                      <\/div>\n                    <\/div>\n                  <\/div>\n                  <div id=\"sanierungsrechner\" skip-smooth-scroll=\"true\" skip-scroll-spy=\"true\" data-colibri-id=\"2381-c13\" class=\"h-tabs-item-content h-tabs-item h-tabs-content-horizontal h-tabs-content-2381-c13 style-1482 style-local-2381-c13 position-relative h-element hide\">\n                    <!---->\n                    <div class=\"w-100 h-y-container\">\n                      <!---->\n                      <div data-colibri-id=\"2381-c14\" class=\"style-1464 style-local-2381-c14 calcShortCode position-relative h-element\">\n                        <!---->\n                        <div class=\"\">    <iframe class=\"calculatorFrame\" style=\"width: 100%;\" frameBorder=\"0\" src=\"https:\/\/www.ehyp.de\/iframe\/broker\/sanierungsrechner\/?token=eyJjb21wYW55SWQiOiJlRU90UHZ5ZjJIYXFJRDdBT2pqRW1BPT0iLCJ1c2VySWQiOiJkT1JObXpzdjgvZVN0R01McnIxOTVBTTZMVnZIbTd5SFhwb2gvb2pmUVdtdThrWUcyemdUMnlCZlk5U281a2dUIn0%3D\"><\/iframe>\r\n<\/div>\n                      <\/div>\n                    <\/div>\n                  <\/div>\n                  <div id=\"anschlussfinanzierungsrechner\" skip-smooth-scroll=\"true\" skip-scroll-spy=\"true\" data-colibri-id=\"2381-c15\" class=\"h-tabs-item-content h-tabs-item h-tabs-content-horizontal h-tabs-content-2381-c15 style-1484 style-local-2381-c15 position-relative h-element hide\">\n                    <!---->\n                    <div class=\"w-100 h-y-container\">\n                      <!---->\n                      <div data-colibri-id=\"2381-c16\" class=\"style-1464 style-local-2381-c16 calcShortCode position-relative h-element\">\n                        <!---->\n                        <div class=\"\">    <iframe class=\"calculatorFrame\" style=\"width: 100%;\" frameBorder=\"0\" src=\"https:\/\/www.ehyp.de\/iframe\/broker\/anschlussfinanzierungsrechner\/?token=eyJjb21wYW55SWQiOiJlRU90UHZ5ZjJIYXFJRDdBT2pqRW1BPT0iLCJ1c2VySWQiOiJkT1JObXpzdjgvZVN0R01McnIxOTVBTTZMVnZIbTd5SFhwb2gvb2pmUVdtdThrWUcyemdUMnlCZlk5U281a2dUIn0%3D\"><\/iframe>\r\n<\/div>\n                      <\/div>\n                    <\/div>\n                  <\/div>\n                  <div id=\"tilgungsrechner\" skip-smooth-scroll=\"true\" skip-scroll-spy=\"true\" data-colibri-id=\"2381-c17\" class=\"h-tabs-item-content h-tabs-item h-tabs-content-horizontal h-tabs-content-2381-c17 style-1488 style-local-2381-c17 position-relative h-element hide\">\n                    <!---->\n                    <div class=\"w-100 h-y-container\">\n                      <!---->\n                      <div data-colibri-id=\"2381-c18\" class=\"style-1464 style-local-2381-c18 calcShortCode position-relative h-element\">\n                        <!---->\n                        <div class=\"\">\r\n<html>\r\n  <body>\r\n    <iframe \r\n      id=\"calculatorFrame_69cce4788a5c8915de2bbf70\"\r\n      style=\"width: 100%; border: none;\"\r\n      src=\"https:\/\/ll-finanz.sales.ehyp.de\/public\/calculators\/?appId=69cce4788a5c8915de2bbf70\"\r\n    ><\/iframe>\r\n    <script>\r\n      (function() {\r\n        const iframe = document.getElementById(\"calculatorFrame_69cce4788a5c8915de2bbf70\");\r\n        if (!iframe) {\r\n          console.error('Calculator iframe not found');\r\n          return;\r\n        }\r\n        function handleMessage(event) {\r\n          if (!event.origin.includes(\"ehyp.de\")) {\r\n            console.warn('Message from unauthorized origin rejected:', event.origin);\r\n            return;\r\n          }\r\n\r\n          if (event.data?.type === 'heightChange' && event.data?.height) {\r\n            iframe.height = event.data.height + 'px';\r\n          }\r\n\r\n          if (event.data === 'ready' && iframe.contentWindow) {\r\n            iframe.contentWindow.postMessage(\r\n              { type: 'CALCULATOR_PARTNER_DOMAIN', host: window.location.host },\r\n              '*'\r\n            );\r\n          }\r\n        }\r\n        window.addEventListener('message', handleMessage, false);\r\n      })();\r\n    <\/script>\r\n   <\/body>\r\n<\/html>\r\n<\/div>\n                      <\/div>\n                    <\/div>\n                  <\/div>\n                <\/div>\n              <\/div>\n            <\/div>\n          <\/div>\n        <\/div>\n      <\/div>\n      <div data-colibri-id=\"2381-c19\" class=\"h-row-container gutters-row-lg-2 gutters-row-md-2 gutters-row-0 gutters-row-v-lg-2 gutters-row-v-md-2 gutters-row-v-2 style-1509 style-local-2381-c19 position-relative\">\n        <!---->\n        <div class=\"h-row justify-content-lg-center justify-content-md-center justify-content-center align-items-lg-stretch align-items-md-stretch align-items-stretch gutters-col-lg-2 gutters-col-md-2 gutters-col-0 gutters-col-v-lg-2 gutters-col-v-md-2 gutters-col-v-2\">\n          <!---->\n          <div class=\"h-column h-column-container d-flex h-col-lg-auto h-col-md-auto h-col-auto style-1510-outer style-local-2381-c20-outer\">\n            <div data-colibri-id=\"2381-c20\" class=\"d-flex h-flex-basis h-column__inner h-ui-empty-state-container h-px-lg-2 h-px-md-2 h-px-2 v-inner-lg-2 v-inner-md-2 v-inner-2 style-1510 style-local-2381-c20 position-relative\">\n              <!---->\n              <!---->\n              <div class=\"w-100 h-y-container h-column__content h-column__v-align flex-basis-100\">\n                <!---->\n              <\/div>\n            <\/div>\n          <\/div>\n        <\/div>\n      <\/div>\n      <div data-colibri-id=\"2381-c21\" class=\"h-row-container gutters-row-lg-2 gutters-row-md-2 gutters-row-0 gutters-row-v-lg-2 gutters-row-v-md-2 gutters-row-v-2 style-1462 style-local-2381-c21 position-relative\">\n        <!---->\n        <div class=\"h-row justify-content-lg-center justify-content-md-center justify-content-center align-items-lg-stretch align-items-md-stretch align-items-stretch gutters-col-lg-2 gutters-col-md-2 gutters-col-0 gutters-col-v-lg-2 gutters-col-v-md-2 gutters-col-v-2\">\n          <!---->\n          <div class=\"h-column h-column-container d-flex h-col-lg-auto h-col-md-auto h-col-auto style-1463-outer style-local-2381-c22-outer\">\n            <div data-colibri-id=\"2381-c22\" class=\"d-flex h-flex-basis h-column__inner h-ui-empty-state-container h-px-lg-2 h-px-md-2 h-px-2 v-inner-lg-2 v-inner-md-2 v-inner-2 style-1463 style-local-2381-c22 position-relative\">\n              <!---->\n              <!---->\n              <div class=\"w-100 h-y-container h-column__content h-column__v-align flex-basis-100\">\n                <!---->\n              <\/div>\n            <\/div>\n          <\/div>\n        <\/div>\n      <\/div>\n    <\/div>\n  <\/div>\n  <div data-colibri-component=\"section\" data-colibri-id=\"2381-c23\" id=\"custom-2\" class=\"h-section h-section-global-spacing d-flex align-items-lg-center align-items-md-center align-items-center style-1465 style-local-2381-c23 position-relative\">\n    <!---->\n    <!---->\n    <div class=\"h-section-grid-container h-section-boxed-container\">\n      <!---->\n      <div data-colibri-id=\"2381-c24\" class=\"h-row-container gutters-row-lg-2 gutters-row-md-2 gutters-row-0 gutters-row-v-lg-2 gutters-row-v-md-2 gutters-row-v-2 style-1466 style-local-2381-c24 position-relative\">\n        <!---->\n        <div class=\"h-row justify-content-lg-center justify-content-md-center justify-content-center align-items-lg-stretch align-items-md-stretch align-items-stretch gutters-col-lg-2 gutters-col-md-2 gutters-col-0 gutters-col-v-lg-2 gutters-col-v-md-2 gutters-col-v-2\">\n          <!---->\n          <div class=\"h-column h-column-container d-flex h-col-lg-auto h-col-md-auto h-col-auto style-1467-outer style-local-2381-c25-outer\">\n            <div data-colibri-id=\"2381-c25\" class=\"d-flex h-flex-basis h-column__inner h-ui-empty-state-container h-px-lg-2 h-px-md-2 h-px-2 v-inner-lg-2 v-inner-md-2 v-inner-2 style-1467 style-local-2381-c25 position-relative\">\n              <!---->\n              <!---->\n              <div class=\"w-100 h-y-container h-column__content h-column__v-align flex-basis-100\">\n                <!---->\n              <\/div>\n            <\/div>\n          <\/div>\n        <\/div>\n      <\/div>\n    <\/div>\n  <\/div>\n<\/div>","protected":false},"excerpt":{"rendered":"<p>Ihre M\u00f6glichkeiten auf einen Blick&nbsp; Berechnen Sie mit wenigen Klicks die offenen Fragen ihrer Immobilienfinanzierung und erhalten Sie schnell einen \u00dcberblick \u00fcber ihre M\u00f6glichkeiten. Ratenkreditrechner Sanierungsrechner Anschlussfinanzierungsrechner Tilgungsrechner<\/p>\n","protected":false},"author":2,"featured_media":0,"parent":0,"menu_order":0,"comment_status":"closed","ping_status":"closed","template":"page-templates\/full-width-page.php","meta":{"footnotes":""},"class_list":["post-2381","page","type-page","status-publish","hentry"],"_links":{"self":[{"href":"https:\/\/ll-finanz.de\/index.php?rest_route=\/wp\/v2\/pages\/2381","targetHints":{"allow":["GET"]}}],"collection":[{"href":"https:\/\/ll-finanz.de\/index.php?rest_route=\/wp\/v2\/pages"}],"about":[{"href":"https:\/\/ll-finanz.de\/index.php?rest_route=\/wp\/v2\/types\/page"}],"author":[{"embeddable":true,"href":"https:\/\/ll-finanz.de\/index.php?rest_route=\/wp\/v2\/users\/2"}],"replies":[{"embeddable":true,"href":"https:\/\/ll-finanz.de\/index.php?rest_route=%2Fwp%2Fv2%2Fcomments&post=2381"}],"version-history":[{"count":14,"href":"https:\/\/ll-finanz.de\/index.php?rest_route=\/wp\/v2\/pages\/2381\/revisions"}],"predecessor-version":[{"id":2795,"href":"https:\/\/ll-finanz.de\/index.php?rest_route=\/wp\/v2\/pages\/2381\/revisions\/2795"}],"wp:attachment":[{"href":"https:\/\/ll-finanz.de\/index.php?rest_route=%2Fwp%2Fv2%2Fmedia&parent=2381"}],"curies":[{"name":"wp","href":"https:\/\/api.w.org\/{rel}","templated":true}]}}