{"id":2194,"date":"2024-04-08T11:15:13","date_gmt":"2024-04-08T09:15:13","guid":{"rendered":"https:\/\/ll-finanz.de\/?page_id=2194"},"modified":"2025-04-02T12:10:21","modified_gmt":"2025-04-02T10:10:21","slug":"kundensuchauftraege","status":"publish","type":"page","link":"https:\/\/ll-finanz.de\/?page_id=2194","title":{"rendered":"Immobiliensuche"},"content":{"rendered":"<div data-colibri-id=\"2194-c1\" class=\"style-1362 style-local-2194-c1 position-relative\">\n  <!---->\n  <div data-colibri-component=\"section\" data-colibri-id=\"2194-c2\" id=\"custom\" class=\"h-section h-section-global-spacing d-flex align-items-lg-center align-items-md-center align-items-center style-1371 style-local-2194-c2 position-relative\">\n    <!---->\n    <!---->\n    <div class=\"h-section-grid-container h-section-boxed-container\">\n      <!---->\n      <div data-colibri-id=\"2194-c3\" class=\"h-row-container gutters-row-lg-2 gutters-row-md-2 gutters-row-0 gutters-row-v-lg-2 gutters-row-v-md-2 gutters-row-v-2 style-1372 style-local-2194-c3 position-relative\">\n        <!---->\n        <div class=\"h-row justify-content-lg-center justify-content-md-center justify-content-center align-items-lg-stretch align-items-md-stretch align-items-stretch gutters-col-lg-2 gutters-col-md-2 gutters-col-0 gutters-col-v-lg-2 gutters-col-v-md-2 gutters-col-v-2\">\n          <!---->\n          <div class=\"h-column h-column-container d-flex h-col-lg-auto h-col-md-auto h-col-auto style-1373-outer style-local-2194-c4-outer\">\n            <div data-colibri-id=\"2194-c4\" class=\"d-flex h-flex-basis h-column__inner h-px-lg-2 h-px-md-2 h-px-2 v-inner-lg-2 v-inner-md-2 v-inner-2 style-1373 style-local-2194-c4 position-relative\">\n              <!---->\n              <!---->\n              <div class=\"w-100 h-y-container h-column__content h-column__v-align flex-basis-100 align-self-lg-start align-self-md-start align-self-start\">\n                <!---->\n                <div data-colibri-id=\"2194-c5\" class=\"h-global-transition-all h-heading style-1433 style-local-2194-c5 position-relative h-element\">\n                  <!---->\n                  <div class=\"h-heading__outer style-1433 style-local-2194-c5\">\n                    <!---->\n                    <!---->\n                    <h2 class=\"\">Unsere kostenlose Suchfunktion bietet Ihnen die gr\u00f6\u00dfte Immobilien-Marktabdeckung in Deutschland.<\/h2>\n                  <\/div>\n                <\/div>\n                <div data-colibri-id=\"2194-c6\" class=\"h-global-transition-all h-heading style-1434 style-local-2194-c6 position-relative h-element\">\n                  <!---->\n                  <div class=\"h-heading__outer style-1434 style-local-2194-c6\">\n                    <!---->\n                    <!---->\n                    <h4 class=\"\">In \u00fcber 220.000 Anzeigen aus 48 Zeitungen, Kleinanzeigen- und Online-Immobilienportalen finden auch Sie die passende Immobilie f\u00fcr Ihre Anforderungen.<\/h4>\n                  <\/div>\n                <\/div>\n                <div data-colibri-id=\"2194-c7\" class=\"h-text h-text-component style-1375 style-local-2194-c7 position-relative h-element\">\n                  <!---->\n                  <!---->\n                  <div class=\"\">\n                    <p><span style=\"font-weight: 400; font-size: 16px; font-family: Open Sans; color: rgb(70, 112, 127);\">Dies gibt Ihnen nicht nur mehr Sicherheit bei Ihrer Kaufentscheidung, sondern erm\u00f6glicht es Ihnen auch, die besten Preise zu erhalten. Dar\u00fcber hinaus k\u00f6nnen Sie den Standort analysieren und gezielt Immobilien ausw\u00e4hlen, die optimal an den f\u00fcr Sie wichtigen Infrastrukturen angebunden sind.<\/span><\/p>\n                  <\/div>\n                <\/div>\n                <div data-colibri-id=\"2194-c8\" class=\"h-text h-text-component style-1375 style-local-2194-c8 position-relative h-element\">\n                  <!---->\n                  <!---->\n                  <div class=\"\"><\/div>\n                <\/div>\n                <div data-colibri-id=\"2194-c9\" class=\"style-1374 style-local-2194-c9 position-relative h-element\">\n                  <!---->\n                  <div class=\"\"><iframe scrolling=\"no\" frameborder=\"0\" src=https:\/\/connect.thinkimmo.com\/business\/widgets\/customer_onboarding\/welcome?aTokenWidget=caa6d664-a08f-4c58-b549-a15a7749e60e style=\"height:860px;width:100%\"><\/iframe><\/div>\n                <\/div>\n              <\/div>\n            <\/div>\n          <\/div>\n        <\/div>\n      <\/div>\n    <\/div>\n  <\/div>\n<\/div>","protected":false},"excerpt":{"rendered":"<p>Unsere kostenlose Suchfunktion bietet Ihnen die gr\u00f6\u00dfte Immobilien-Marktabdeckung in Deutschland. In \u00fcber 220.000 Anzeigen aus 48 Zeitungen, Kleinanzeigen- und Online-Immobilienportalen finden auch Sie die passende Immobilie f\u00fcr Ihre Anforderungen. Dies gibt Ihnen nicht nur mehr Sicherheit bei Ihrer Kaufentscheidung, sondern erm\u00f6glicht es Ihnen auch, die besten Preise zu erhalten. Dar\u00fcber hinaus k\u00f6nnen Sie den Standort [&hellip;]<\/p>\n","protected":false},"author":2,"featured_media":0,"parent":0,"menu_order":0,"comment_status":"closed","ping_status":"closed","template":"page-templates\/full-width-page.php","meta":{"footnotes":""},"class_list":["post-2194","page","type-page","status-publish","hentry"],"_links":{"self":[{"href":"https:\/\/ll-finanz.de\/index.php?rest_route=\/wp\/v2\/pages\/2194","targetHints":{"allow":["GET"]}}],"collection":[{"href":"https:\/\/ll-finanz.de\/index.php?rest_route=\/wp\/v2\/pages"}],"about":[{"href":"https:\/\/ll-finanz.de\/index.php?rest_route=\/wp\/v2\/types\/page"}],"author":[{"embeddable":true,"href":"https:\/\/ll-finanz.de\/index.php?rest_route=\/wp\/v2\/users\/2"}],"replies":[{"embeddable":true,"href":"https:\/\/ll-finanz.de\/index.php?rest_route=%2Fwp%2Fv2%2Fcomments&post=2194"}],"version-history":[{"count":9,"href":"https:\/\/ll-finanz.de\/index.php?rest_route=\/wp\/v2\/pages\/2194\/revisions"}],"predecessor-version":[{"id":2581,"href":"https:\/\/ll-finanz.de\/index.php?rest_route=\/wp\/v2\/pages\/2194\/revisions\/2581"}],"wp:attachment":[{"href":"https:\/\/ll-finanz.de\/index.php?rest_route=%2Fwp%2Fv2%2Fmedia&parent=2194"}],"curies":[{"name":"wp","href":"https:\/\/api.w.org\/{rel}","templated":true}]}}